{"id":16063,"date":"2016-09-26T12:00:14","date_gmt":"2016-09-26T12:00:14","guid":{"rendered":"http:\/\/www.varazdin.es\/fundacion\/?page_id=16063"},"modified":"2019-12-05T11:18:16","modified_gmt":"2019-12-05T11:18:16","slug":"contact","status":"publish","type":"page","link":"https:\/\/www.varazdin.es\/fundacion\/en\/contact\/","title":{"rendered":"Contact"},"content":{"rendered":"<p>[vc_row top_padding=\u00bb60&#8243; bg_position=\u00bbleft top\u00bb][vc_column width=\u00bb1\/1&#8243;][vc_raw_html]JTNDaWZyYW1lJTIwc3JjJTNEJTIyaHR0cHMlM0ElMkYlMkZ3d3cuZ29vZ2xlLmNvbSUyRm1hcHMlMkZlbWJlZCUzRnBiJTNEJTIxMW0xOCUyMTFtMTIlMjExbTMlMjExZDI5MjguNTU4OTc2MzQyNDMyNyUyMTJkLTEuNjM5NDMyMDg0NTMwNDU4JTIxM2Q0Mi43NzY1MzE1NzkxNjEyMSUyMTJtMyUyMTFmMCUyMTJmMCUyMTNmMCUyMTNtMiUyMTFpMTAyNCUyMTJpNzY4JTIxNGYxMy4xJTIxM20zJTIxMW0yJTIxMXMweGQ1MDkzZDUyYWFmNzQ2ZiUyNTNBMHg1ODBmOTgxNGVjOWQ5YjAwJTIxMnNDYWxsZSUyNTIwSCUyNTJDJTI1MjBOYXZhcnJhJTIxNWUwJTIxM20yJTIxMXNjYSUyMTJzZXMlMjE0djE1NzU1NDQ2MTg2ODQlMjE1bTIlMjExc2NhJTIxMnNlcyUyMiUyMHdpZHRoJTNEJTIyMTAwJTI1JTIyJTIwaGVpZ2h0JTNEJTIyNDAwJTIyJTIwZnJhbWVib3JkZXIlM0QlMjIwJTIyJTIwc3R5bGUlM0QlMjJib3JkZXIlM0EwJTNCJTIyJTIwYWxsb3dmdWxsc2NyZWVuJTNEJTIyJTIyJTNFJTNDJTJGaWZyYW1lJTNF[\/vc_raw_html][\/vc_column][\/vc_row][vc_row bg_color=\u00bb#ffffff\u00bb section_arrow=\u00bbfalse\u00bb top_padding=\u00bb60&#8243; bottom_padding=\u00bb60&#8243; bg_position=\u00bbleft top\u00bb][vc_column width=\u00bb1\/4&#8243;]<h3 class=\"headline font-special fontsize-m fontweight-700 lh-inherit align-left transform-uppercase \" style=\"margin: 0 0 20px 0;\">Contact us<\/h3>[vc_column_text]<\/p>\n<p style=\"text-align: left;\" align=\"CENTER\">Send us an email to:<br \/>\n<a href=\"mailto:varazdin@varazdin.es\" target=\"_blank\" rel=\"noopener\"><strong>varazdin@varazdin.es<\/strong><\/a><\/p>\n<p style=\"text-align: left;\" align=\"CENTER\">Call us on phone number:<br \/>\n<span style=\"color: #e2aa53;\"><strong>+34 948 312 813<\/strong><\/span><\/p>\n<p style=\"text-align: left;\" align=\"CENTER\">Visit us. We are in:<br \/>\n<span style=\"color: #e2aa53;\"><strong>Pol\u00edgono No\u00e1in-Esquiroz<\/strong><\/span><br \/>\n<span style=\"color: #e2aa53;\"><strong>Calle H, Nave 37.<\/strong><\/span><\/p>\n<p>[\/vc_column_text]<div class=\"spacer\" style=\"height: 20px;\"><\/div><h3 class=\"headline font-special fontsize-m fontweight-700 lh-inherit align-left transform-uppercase \" style=\"margin: 0 0 20px 0;\">Connect<\/h3>[vc_column_text]<div class=\"social-icon social-big\"><a href=\"https:\/\/www.facebook.com\/Fundaci%C3%B3n-Varazdin-157449394379370\/\" target=\"_blank\" title=\"\"><i class=\"fa fa-facebook\"><\/i><\/a><\/div><div class=\"clear\"><\/div>[\/vc_column_text][\/vc_column][vc_column width=\u00bb3\/4&#8243;]<h3 class=\"headline font-special fontsize-m fontweight-700 lh-inherit align-left transform-uppercase \" style=\"margin: 0 0 20px 0;\">FILL THE FORM<\/h3>[vc_column_text]You can contact us to ask any question, make a donation or ask for a service.[\/vc_column_text]<div role=\"form\" class=\"wpcf7\" id=\"wpcf7-f16068-o1\" lang=\"en-US\" dir=\"ltr\">\n<div class=\"screen-reader-response\"><p role=\"status\" aria-live=\"polite\" aria-atomic=\"true\"><\/p> <ul><\/ul><\/div>\n<form action=\"\/fundacion\/wp-json\/wp\/v2\/pages\/16063#wpcf7-f16068-o1\" method=\"post\" class=\"wpcf7-form init wpcf7-acceptance-as-validation\" novalidate=\"novalidate\" data-status=\"init\">\n<div style=\"display: none;\">\n<input type=\"hidden\" name=\"_wpcf7\" value=\"16068\" \/>\n<input type=\"hidden\" name=\"_wpcf7_version\" value=\"5.3.2\" \/>\n<input type=\"hidden\" name=\"_wpcf7_locale\" value=\"en_US\" \/>\n<input type=\"hidden\" name=\"_wpcf7_unit_tag\" value=\"wpcf7-f16068-o1\" \/>\n<input type=\"hidden\" name=\"_wpcf7_container_post\" value=\"0\" \/>\n<input type=\"hidden\" name=\"_wpcf7_posted_data_hash\" value=\"\" \/>\n<\/div>\n<p>Name (required)<br \/>\n    <span class=\"wpcf7-form-control-wrap your-name\"><input type=\"text\" name=\"your-name\" value=\"\" size=\"40\" class=\"wpcf7-form-control wpcf7-text wpcf7-validates-as-required\" aria-required=\"true\" aria-invalid=\"false\" \/><\/span> <\/p>\n<p>Email (required)<br \/>\n    <span class=\"wpcf7-form-control-wrap your-email\"><input type=\"email\" name=\"your-email\" value=\"\" size=\"40\" class=\"wpcf7-form-control wpcf7-text wpcf7-email wpcf7-validates-as-required wpcf7-validates-as-email\" aria-required=\"true\" aria-invalid=\"false\" \/><\/span> <\/p>\n<p>Subject (required)<br \/>\n    <span class=\"wpcf7-form-control-wrap your-subject\"><input type=\"text\" name=\"your-subject\" value=\"\" size=\"40\" class=\"wpcf7-form-control wpcf7-text wpcf7-validates-as-required\" aria-required=\"true\" aria-invalid=\"false\" \/><\/span> <\/p>\n<p>Message (required)<br \/>\n    <span class=\"wpcf7-form-control-wrap your-message\"><textarea name=\"your-message\" cols=\"40\" rows=\"10\" class=\"wpcf7-form-control wpcf7-textarea wpcf7-validates-as-required\" aria-required=\"true\" aria-invalid=\"false\"><\/textarea><\/span> <\/p>\n<p><span class=\"wpcf7-form-control-wrap your-consent\"><span class=\"wpcf7-form-control wpcf7-acceptance\"><span class=\"wpcf7-list-item\"><label><input type=\"checkbox\" name=\"your-consent\" value=\"1\" aria-invalid=\"false\" \/><span class=\"wpcf7-list-item-label\">I read and accept the <a href='http:\/\/www.varazdin.es\/fundacion\/en\/contact\/data-privacy-policy\/' target=\"_blank\">privacy policy<\/a>.<\/span><\/label><\/span><\/span><\/span><\/p>\n<p><small style=\"display: block; font-size: 10px; line-height: 14px; font-weight: 300; margin-bottom: 40px;\">FUNDACI\u00d3N VARAZDIN, como responsable del tratamiento, le informa que sus datos son recabados con la finalidad de: Recoger los datos de car\u00e1cter personal que sean obtenidos a trav\u00e9s de los formularios de contacto disponibles en la p\u00e1gina web de la empresa para el contacto con el solicitante y env\u00edo de boletines publicitarios. La base jur\u00eddica para el tratamiento es el consentimiento del interesado. Sus datos no se ceder\u00e1n a terceros salvo obligaci\u00f3n legal. Cualquier persona tiene derecho a solicitar el acceso, rectificaci\u00f3n, supresi\u00f3n, limitaci\u00f3n del tratamiento, oposici\u00f3n o derecho a la portabilidad de sus datos personales, escribi\u00e9ndonos a la direcci\u00f3n de nuestras oficinas, o enviando un correo electr\u00f3nico a gerencia@varazdin.es, indicando el derecho que desea ejercer. Puede obtener informaci\u00f3n adicional en el apartado de Protecci\u00f3n de datos de la web.<small><\/p>\n<p><input type=\"submit\" value=\"Send\" class=\"wpcf7-form-control wpcf7-submit\" \/><\/p>\n<div class=\"wpcf7-response-output\" aria-hidden=\"true\"><\/div><\/form><\/div>[\/vc_column][\/vc_row][vc_row][vc_column][vc_column_text]<\/p>\n<p>[\/vc_column_text][\/vc_column][\/vc_row]<\/p>\n","protected":false},"excerpt":{"rendered":"<p>[vc_row top_padding=\u00bb60&#8243; bg_position=\u00bbleft top\u00bb][vc_column width=\u00bb1\/1&#8243;][vc_raw_html]JTNDaWZyYW1lJTIwc3JjJTNEJTIyaHR0cHMlM0ElMkYlMkZ3d3cuZ29vZ2xlLmNvbSUyRm1hcHMlMkZlbWJlZCUzRnBiJTNEJTIxMW0xOCUyMTFtMTIlMjExbTMlMjExZDI5MjguNTU4OTc2MzQyNDMyNyUyMTJkLTEuNjM5NDMyMDg0NTMwNDU4JTIxM2Q0Mi43NzY1MzE1NzkxNjEyMSUyMTJtMyUyMTFmMCUyMTJmMCUyMTNmMCUyMTNtMiUyMTFpMTAyNCUyMTJpNzY4JTIxNGYxMy4xJTIxM20zJTIxMW0yJTIxMXMweGQ1MDkzZDUyYWFmNzQ2ZiUyNTNBMHg1ODBmOTgxNGVjOWQ5YjAwJTIxMnNDYWxsZSUyNTIwSCUyNTJDJTI1MjBOYXZhcnJhJTIxNWUwJTIxM20yJTIxMXNjYSUyMTJzZXMlMjE0djE1NzU1NDQ2MTg2ODQlMjE1bTIlMjExc2NhJTIxMnNlcyUyMiUyMHdpZHRoJTNEJTIyMTAwJTI1JTIyJTIwaGVpZ2h0JTNEJTIyNDAwJTIyJTIwZnJhbWVib3JkZXIlM0QlMjIwJTIyJTIwc3R5bGUlM0QlMjJib3JkZXIlM0EwJTNCJTIyJTIwYWxsb3dmdWxsc2NyZWVuJTNEJTIyJTIyJTNFJTNDJTJGaWZyYW1lJTNF[\/vc_raw_html][\/vc_column][\/vc_row][vc_row bg_color=\u00bb#ffffff\u00bb section_arrow=\u00bbfalse\u00bb top_padding=\u00bb60&#8243; bottom_padding=\u00bb60&#8243; bg_position=\u00bbleft top\u00bb][vc_column width=\u00bb1\/4&#8243;][vc_column_text] Send us an email to: varazdin@varazdin.es Call us on phone number: +34 948 312 813 Visit us. We are in: Pol\u00edgono No\u00e1in-Esquiroz Calle H, Nave 37. [\/vc_column_text][vc_column_text][\/vc_column_text][\/vc_column][vc_column width=\u00bb3\/4&#8243;][vc_column_text]You can contact us to ask any question, make a donation or ask for a service.[\/vc_column_text][\/vc_column][\/vc_row][vc_row][vc_column][vc_column_text] [\/vc_column_text][\/vc_column][\/vc_row]<\/p>\n","protected":false},"author":1,"featured_media":0,"parent":0,"menu_order":0,"comment_status":"open","ping_status":"open","template":"","meta":[],"_links":{"self":[{"href":"https:\/\/www.varazdin.es\/fundacion\/wp-json\/wp\/v2\/pages\/16063"}],"collection":[{"href":"https:\/\/www.varazdin.es\/fundacion\/wp-json\/wp\/v2\/pages"}],"about":[{"href":"https:\/\/www.varazdin.es\/fundacion\/wp-json\/wp\/v2\/types\/page"}],"author":[{"embeddable":true,"href":"https:\/\/www.varazdin.es\/fundacion\/wp-json\/wp\/v2\/users\/1"}],"replies":[{"embeddable":true,"href":"https:\/\/www.varazdin.es\/fundacion\/wp-json\/wp\/v2\/comments?post=16063"}],"version-history":[{"count":8,"href":"https:\/\/www.varazdin.es\/fundacion\/wp-json\/wp\/v2\/pages\/16063\/revisions"}],"predecessor-version":[{"id":16300,"href":"https:\/\/www.varazdin.es\/fundacion\/wp-json\/wp\/v2\/pages\/16063\/revisions\/16300"}],"wp:attachment":[{"href":"https:\/\/www.varazdin.es\/fundacion\/wp-json\/wp\/v2\/media?parent=16063"}],"curies":[{"name":"wp","href":"https:\/\/api.w.org\/{rel}","templated":true}]}}